{"id":607,"date":"2021-11-30T11:17:47","date_gmt":"2021-11-30T10:17:47","guid":{"rendered":"https:\/\/inrswiss.ch\/a-propos-de-nous\/fondation-et-but\/"},"modified":"2021-11-30T14:17:38","modified_gmt":"2021-11-30T13:17:38","slug":"fondation-et-but","status":"publish","type":"page","link":"https:\/\/inrswiss.ch\/fr\/a-propos-de-nous\/fondation-et-but\/","title":{"rendered":"Fondation et but"},"content":{"rendered":"<p>[et_pb_section fb_built=\u00a0\u00bb1&Prime; fullwidth=\u00a0\u00bbon\u00a0\u00bb _builder_version=\u00a0\u00bb4.6.5&Prime; _module_preset=\u00a0\u00bbdefault\u00a0\u00bb background_image=\u00a0\u00bbhttps:\/\/inrswiss.ch\/wp-content\/uploads\/2020\/09\/inrswiss-header-03.jpg\u00a0\u00bb min_height=\u00a0\u00bb350px\u00a0\u00bb max_height=\u00a0\u00bb350px\u00a0\u00bb global_colors_info=\u00a0\u00bb{}\u00a0\u00bb][\/et_pb_section][et_pb_section fb_built=\u00a0\u00bb1&Prime; _builder_version=\u00a0\u00bb4.5.8&Prime; _module_preset=\u00a0\u00bbdefault\u00a0\u00bb global_colors_info=\u00a0\u00bb{}\u00a0\u00bb][et_pb_row _builder_version=\u00a0\u00bb4.5.8&Prime; _module_preset=\u00a0\u00bbdefault\u00a0\u00bb global_colors_info=\u00a0\u00bb{}\u00a0\u00bb][et_pb_column type=\u00a0\u00bb4_4&Prime; _builder_version=\u00a0\u00bb4.5.8&Prime; _module_preset=\u00a0\u00bbdefault\u00a0\u00bb global_colors_info=\u00a0\u00bb{}\u00a0\u00bb][et_pb_text _builder_version=\u00a0\u00bb4.14.1&Prime; _module_preset=\u00a0\u00bbdefault\u00a0\u00bb header_font=\u00a0\u00bb|600|||||||\u00a0\u00bb header_text_color=\u00a0\u00bb#d6005a\u00a0\u00bb animation_style=\u00a0\u00bbslide\u00a0\u00bb animation_direction=\u00a0\u00bbleft\u00a0\u00bb hover_enabled=\u00a0\u00bb0&Prime; global_colors_info=\u00a0\u00bb{}\u00a0\u00bb sticky_enabled=\u00a0\u00bb0&Prime;]<\/p>\n<h1>Fondation et but<\/h1>\n<h3><\/h3>\n<h3><\/h3>\n<h3>Fondateur<\/h3>\n<p>La r\u00e9union de fondation de l&rsquo;INRswiss a eu lieu le samedi 21 mai 2005 au \u00ab\u00a0Congress Hotel\u00a0\u00bb Olten.<\/p>\n<h3>But<\/h3>\n<p>Le but de l&rsquo;association est de favoriser le contact des patients en autocontr\u00f4le de la coagulation sous th\u00e9rapie par antivitamine K et avec les DOAK (Direct Oral Anti-Coagulation), ainsi que leur assistance.<\/p>\n<p>Ces objectifs sont atteints notamment \u00e0 travers :<\/p>\n<ul>\n<li>R\u00e9unions r\u00e9guli\u00e8res pour tous les membres et parties int\u00e9ress\u00e9es<\/li>\n<li>Participation \u00e0 des congr\u00e8s nationaux et internationaux<\/li>\n<li>Maintenir le contact avec les sp\u00e9cialistes, les institutions, etc.<\/li>\n<li>Repr\u00e9sentation des besoins des membres vis-\u00e0-vis des compagnies d&rsquo;assurance maladie ou d&rsquo;autres porteurs de co\u00fbts et autorit\u00e9s<\/li>\n<\/ul>\n<p>&nbsp;<\/p>\n<p>[\/et_pb_text][\/et_pb_column][\/et_pb_row][\/et_pb_section]<\/p>\n","protected":false},"excerpt":{"rendered":"<p>Fondation et but Fondateur La r\u00e9union de fondation de l&rsquo;INRswiss a eu lieu le samedi 21 mai 2005 au \u00ab\u00a0Congress Hotel\u00a0\u00bb Olten. But Le but de l&rsquo;association est de favoriser le contact des patients en autocontr\u00f4le de la coagulation sous th\u00e9rapie par antivitamine K et avec les DOAK (Direct Oral Anti-Coagulation), ainsi que leur assistance. [&hellip;]<\/p>\n","protected":false},"author":1,"featured_media":0,"parent":575,"menu_order":0,"comment_status":"closed","ping_status":"closed","template":"","meta":{"_et_pb_use_builder":"on","_et_pb_old_content":"","_et_gb_content_width":"","footnotes":""},"folder":[],"class_list":["post-607","page","type-page","status-publish","hentry"],"jetpack_sharing_enabled":true,"_links":{"self":[{"href":"https:\/\/inrswiss.ch\/fr\/wp-json\/wp\/v2\/pages\/607","targetHints":{"allow":["GET"]}}],"collection":[{"href":"https:\/\/inrswiss.ch\/fr\/wp-json\/wp\/v2\/pages"}],"about":[{"href":"https:\/\/inrswiss.ch\/fr\/wp-json\/wp\/v2\/types\/page"}],"author":[{"embeddable":true,"href":"https:\/\/inrswiss.ch\/fr\/wp-json\/wp\/v2\/users\/1"}],"replies":[{"embeddable":true,"href":"https:\/\/inrswiss.ch\/fr\/wp-json\/wp\/v2\/comments?post=607"}],"version-history":[{"count":3,"href":"https:\/\/inrswiss.ch\/fr\/wp-json\/wp\/v2\/pages\/607\/revisions"}],"predecessor-version":[{"id":712,"href":"https:\/\/inrswiss.ch\/fr\/wp-json\/wp\/v2\/pages\/607\/revisions\/712"}],"up":[{"embeddable":true,"href":"https:\/\/inrswiss.ch\/fr\/wp-json\/wp\/v2\/pages\/575"}],"wp:attachment":[{"href":"https:\/\/inrswiss.ch\/fr\/wp-json\/wp\/v2\/media?parent=607"}],"wp:term":[{"taxonomy":"folder","embeddable":true,"href":"https:\/\/inrswiss.ch\/fr\/wp-json\/wp\/v2\/folder?post=607"}],"curies":[{"name":"wp","href":"https:\/\/api.w.org\/{rel}","templated":true}]}}