{"id":594,"date":"2021-11-30T11:17:47","date_gmt":"2021-11-30T10:17:47","guid":{"rendered":"https:\/\/inrswiss.ch\/a-propos-de-nous\/adhesion\/"},"modified":"2021-11-30T14:18:56","modified_gmt":"2021-11-30T13:18:56","slug":"adhesion","status":"publish","type":"page","link":"https:\/\/inrswiss.ch\/fr\/a-propos-de-nous\/adhesion\/","title":{"rendered":"Adh\u00e9sion"},"content":{"rendered":"<p>[et_pb_section fb_built=\u00a0\u00bb1&Prime; fullwidth=\u00a0\u00bbon\u00a0\u00bb _builder_version=\u00a0\u00bb4.6.5&Prime; _module_preset=\u00a0\u00bbdefault\u00a0\u00bb background_image=\u00a0\u00bbhttps:\/\/inrswiss.ch\/wp-content\/uploads\/2020\/09\/inrswiss-header-03.jpg\u00a0\u00bb min_height=\u00a0\u00bb350px\u00a0\u00bb max_height=\u00a0\u00bb350px\u00a0\u00bb global_colors_info=\u00a0\u00bb{}\u00a0\u00bb][\/et_pb_section][et_pb_section fb_built=\u00a0\u00bb1&Prime; _builder_version=\u00a0\u00bb4.5.8&Prime; _module_preset=\u00a0\u00bbdefault\u00a0\u00bb global_colors_info=\u00a0\u00bb{}\u00a0\u00bb][et_pb_row _builder_version=\u00a0\u00bb4.5.8&Prime; _module_preset=\u00a0\u00bbdefault\u00a0\u00bb global_colors_info=\u00a0\u00bb{}\u00a0\u00bb][et_pb_column type=\u00a0\u00bb4_4&Prime; _builder_version=\u00a0\u00bb4.5.8&Prime; _module_preset=\u00a0\u00bbdefault\u00a0\u00bb global_colors_info=\u00a0\u00bb{}\u00a0\u00bb][et_pb_text _builder_version=\u00a0\u00bb4.14.1&Prime; _module_preset=\u00a0\u00bbdefault\u00a0\u00bb header_font=\u00a0\u00bb|600|||||||\u00a0\u00bb header_text_color=\u00a0\u00bb#d6005a\u00a0\u00bb animation_style=\u00a0\u00bbslide\u00a0\u00bb animation_direction=\u00a0\u00bbleft\u00a0\u00bb hover_enabled=\u00a0\u00bb0&Prime; global_colors_info=\u00a0\u00bb{}\u00a0\u00bb sticky_enabled=\u00a0\u00bb0&Prime;]<\/p>\n<h1>Adh\u00e9sion<\/h1>\n<p>Toute personne anticoagul\u00e9e peut devenir membre.<br \/>Les m\u00e9c\u00e8nes sont \u00e9galement les bienvenus en tant que membres.<br \/>La cotisation a \u00e9t\u00e9 fix\u00e9e \u00e0 CHF 35.- lors de l&rsquo;assembl\u00e9e constitutive.<\/p>\n<p><strong>Avantages de l&rsquo;adh\u00e9sion :<\/strong><\/p>\n<ul>\n<li>R\u00e9ception du magazine allemand \u00ab\u00a0Die Gerinnung\u00a0\u00bb (guide du patient pour traiter la coagulation du sang) deux \u00e0 quatre fois par an<\/li>\n<li>Pot de m\u00e9decine pratique et clip de voyage \u00e0 prix r\u00e9duit de CHF 10.- au lieu de CHF 20.- par pot ou Agrafe<\/li>\n<li>Participation \u00e0 prix r\u00e9duit \u00e0 la journ\u00e9e annuelle INRswiss avec des conf\u00e9rences m\u00e9dicales int\u00e9ressantes<\/li>\n<\/ul>\n<p>Nous attendons d\u00e9j\u00e0 votre inscription avec impatience.<\/p>\n<p><strong><a href=\"https:\/\/inrswiss.ch\/fr\/a-propos-de-nous\/adhesion\/inscription-adhesion\/\">Formulaire d&rsquo;inscription<\/a><\/strong><\/p>\n<p>&nbsp;<\/p>\n<p>[\/et_pb_text][\/et_pb_column][\/et_pb_row][\/et_pb_section]<\/p>\n","protected":false},"excerpt":{"rendered":"<p>Adh\u00e9sion Toute personne anticoagul\u00e9e peut devenir membre.Les m\u00e9c\u00e8nes sont \u00e9galement les bienvenus en tant que membres.La cotisation a \u00e9t\u00e9 fix\u00e9e \u00e0 CHF 35.- lors de l&rsquo;assembl\u00e9e constitutive. Avantages de l&rsquo;adh\u00e9sion : R\u00e9ception du magazine allemand \u00ab\u00a0Die Gerinnung\u00a0\u00bb (guide du patient pour traiter la coagulation du sang) deux \u00e0 quatre fois par an Pot de m\u00e9decine [&hellip;]<\/p>\n","protected":false},"author":1,"featured_media":0,"parent":575,"menu_order":0,"comment_status":"closed","ping_status":"closed","template":"","meta":{"_et_pb_use_builder":"on","_et_pb_old_content":"","_et_gb_content_width":"","footnotes":""},"folder":[],"class_list":["post-594","page","type-page","status-publish","hentry"],"jetpack_sharing_enabled":true,"_links":{"self":[{"href":"https:\/\/inrswiss.ch\/fr\/wp-json\/wp\/v2\/pages\/594","targetHints":{"allow":["GET"]}}],"collection":[{"href":"https:\/\/inrswiss.ch\/fr\/wp-json\/wp\/v2\/pages"}],"about":[{"href":"https:\/\/inrswiss.ch\/fr\/wp-json\/wp\/v2\/types\/page"}],"author":[{"embeddable":true,"href":"https:\/\/inrswiss.ch\/fr\/wp-json\/wp\/v2\/users\/1"}],"replies":[{"embeddable":true,"href":"https:\/\/inrswiss.ch\/fr\/wp-json\/wp\/v2\/comments?post=594"}],"version-history":[{"count":5,"href":"https:\/\/inrswiss.ch\/fr\/wp-json\/wp\/v2\/pages\/594\/revisions"}],"predecessor-version":[{"id":714,"href":"https:\/\/inrswiss.ch\/fr\/wp-json\/wp\/v2\/pages\/594\/revisions\/714"}],"up":[{"embeddable":true,"href":"https:\/\/inrswiss.ch\/fr\/wp-json\/wp\/v2\/pages\/575"}],"wp:attachment":[{"href":"https:\/\/inrswiss.ch\/fr\/wp-json\/wp\/v2\/media?parent=594"}],"wp:term":[{"taxonomy":"folder","embeddable":true,"href":"https:\/\/inrswiss.ch\/fr\/wp-json\/wp\/v2\/folder?post=594"}],"curies":[{"name":"wp","href":"https:\/\/api.w.org\/{rel}","templated":true}]}}