{"id":590,"date":"2021-11-30T11:17:47","date_gmt":"2021-11-30T10:17:47","guid":{"rendered":"https:\/\/inrswiss.ch\/informations\/telechargements\/"},"modified":"2021-11-30T11:18:01","modified_gmt":"2021-11-30T10:18:01","slug":"telechargements","status":"publish","type":"page","link":"https:\/\/inrswiss.ch\/fr\/informations\/telechargements\/","title":{"rendered":"T\u00e9l\u00e9chargements"},"content":{"rendered":"<p>[et_pb_section fb_built=\u00a0\u00bb1&Prime; fullwidth=\u00a0\u00bbon\u00a0\u00bb _builder_version=\u00a0\u00bb4.6.5&Prime; _module_preset=\u00a0\u00bbdefault\u00a0\u00bb background_image=\u00a0\u00bbhttps:\/\/inrswiss.ch\/wp-content\/uploads\/2020\/09\/inrswiss-header-04.jpg\u00a0\u00bb min_height=\u00a0\u00bb350px\u00a0\u00bb max_height=\u00a0\u00bb350px\u00a0\u00bb][\/et_pb_section][et_pb_section fb_built=\u00a0\u00bb1&Prime; _builder_version=\u00a0\u00bb4.5.8&Prime; _module_preset=\u00a0\u00bbdefault\u00a0\u00bb][et_pb_row column_structure=\u00a0\u00bb2_3,1_3&Prime; _builder_version=\u00a0\u00bb4.5.8&Prime; _module_preset=\u00a0\u00bbdefault\u00a0\u00bb][et_pb_column type=\u00a0\u00bb2_3&Prime; _builder_version=\u00a0\u00bb4.5.8&Prime; _module_preset=\u00a0\u00bbdefault\u00a0\u00bb][et_pb_text _builder_version=\u00a0\u00bb4.6.5&Prime; _module_preset=\u00a0\u00bbdefault\u00a0\u00bb header_font=\u00a0\u00bb|600|||||||\u00a0\u00bb header_text_color=\u00a0\u00bb#d6005a\u00a0\u00bb animation_style=\u00a0\u00bbslide\u00a0\u00bb animation_direction=\u00a0\u00bbleft\u00a0\u00bb]<\/p>\n<h1>T\u00e9l\u00e9chargements<\/h1>\n<h3><\/h3>\n<p>&nbsp;<\/p>\n<h3>UPDATE : Fiche d&rsquo;information sur les mutuelles, nouveaux tarifs des bandelettes r\u00e9actives<\/h3>\n<ul>\n<li><a href=\"https:\/\/www.bag.admin.ch\/bag\/de\/home\/versicherungen\/krankenversicherung\/krankenversicherung-leistungen-tarife\/Mittel-und-Gegenstaendeliste.html\" target=\"_blank\" rel=\"noopener noreferrer\">Les derniers changements sont toujours publi\u00e9s ici<\/a><\/li>\n<li><a href=\"https:\/\/inrswiss.ch\/wp-content\/uploads\/2020\/10\/Mittel-und-Gegenstaendeliste-vom-01.04.2019.pdf\" target=\"_blank\" rel=\"noopener noreferrer\">Modifications au 1er avril 2019<\/a> (voir page 56, num\u00e9ros d&rsquo;article 21.03.20.00.1 et 21.03.20.01.1)<\/li>\n<\/ul>\n<h3>Exemples de tableaux \u00e0 t\u00e9l\u00e9charger<\/h3>\n<p>(pour la gestion \u00e9lectronique de votre carte \u00e0 valeur INR)<\/p>\n<ul>\n<li><a href=\"https:\/\/inrswiss.ch\/wp-content\/uploads\/2020\/10\/muster_tabelle_inr_werte_1.xls\" target=\"_blank\" rel=\"noopener noreferrer\">Exemple de tableau 1<\/a> (Excel)<\/li>\n<li><a href=\"https:\/\/inrswiss.ch\/wp-content\/uploads\/2020\/10\/muster_tabelle_inr_werte_2.xls\" target=\"_blank\" rel=\"noopener noreferrer\">Exemple de tableau 2<\/a> (Excel)<\/li>\n<li><a href=\"https:\/\/inrswiss.ch\/wp-content\/uploads\/2020\/10\/muster_tabelle_inr_werte_3.doc\" target=\"_blank\" rel=\"noopener noreferrer\">Exemple de tableau 3<\/a> (Word<\/li>\n<\/ul>\n<h3>Fiche d&rsquo;information de transition &#8211; cette information est en cours de r\u00e9vision<\/h3>\n<ul>\n<li>Fiche d&rsquo;information Bridging &#8211; Allemand<\/li>\n<li>Informations sur le Bridging &#8211; English<\/li>\n<\/ul>\n<h3>Liste des drogues autoris\u00e9es et interdites (Version 2017 Janvier)<\/h3>\n<ul>\n<li><a href=\"https:\/\/inrswiss.ch\/wp-content\/uploads\/2020\/10\/Medikamentenliste_D_erlaubt_verboten_SHG_2017_01.pdf\" target=\"_blank\" rel=\"noopener noreferrer\">Allemand<\/a><\/li>\n<li><a href=\"https:\/\/inrswiss.ch\/wp-content\/uploads\/2020\/10\/Medikamentenliste_F_erlaubt_verboten_SHG_2017_01.pdf\" target=\"_blank\" rel=\"noopener noreferrer\">fran\u00e7ais<\/a><\/li>\n<\/ul>\n<p>[\/et_pb_text][et_pb_video _builder_version=\u00a0\u00bb4.6.5&Prime; _module_preset=\u00a0\u00bbdefault\u00a0\u00bb][\/et_pb_video][et_pb_text _builder_version=\u00a0\u00bb4.6.5&Prime; _module_preset=\u00a0\u00bbdefault\u00a0\u00bb]<\/p>\n<h3>Vid\u00e9o de manipulation CoaguChek\u00ae INRange<\/h3>\n<p>[\/et_pb_text][et_pb_code _builder_version=\u00a0\u00bb4.6.5&Prime; _module_preset=\u00a0\u00bbdefault\u00a0\u00bb]<pee><a href=\"https:\/\/vimeo.com\/user27724644\/review\/208804442\/c9a3fdc55a\" target=\"_blank\" rel=\"noopener noreferrer\">Vid\u00e9o de manipulation de CoaguChek\u00ae INRange<\/a><\/pee><!-- [et_pb_line_break_holder] --><pee><a href=\"https:\/\/vimeo.com\/user27724644\/review\/208804442\/c9a3fdc55a\" target=\"_blank\" rel=\"noopener noreferrer\"><img decoding=\"async\" src=\"https:\/\/inrswiss.ch\/wp-content\/uploads\/2020\/10\/upload_thumbnail_video_handhabung.jpg\" alt=\"upload thumbnail video handhabung\"><\/a><\/pee>[\/et_pb_code][et_pb_text _builder_version=\u00a0\u00bb4.6.5&Prime; _module_preset=\u00a0\u00bbdefault\u00a0\u00bb header_font=\u00a0\u00bb|600|||||||\u00a0\u00bb header_text_color=\u00a0\u00bb#d6005a\u00a0\u00bb animation_style=\u00a0\u00bbslide\u00a0\u00bb animation_direction=\u00a0\u00bbleft\u00a0\u00bb hover_enabled=\u00a0\u00bb0&Prime; sticky_enabled=\u00a0\u00bb0&Prime;]<\/p>\n<h3>Pr\u00e9sentations des journ\u00e9es INRswiss<\/h3>\n<p>Archives des contributions des derni\u00e8res ann\u00e9es<\/p>\n<h3>Publications<\/h3>\n<p>Archives des publications des derni\u00e8res ann\u00e9es<\/p>\n<h3>Divers<\/h3>\n<ul>\n<li><a href=\"https:\/\/inrswiss.ch\/wp-content\/uploads\/2020\/10\/sichere_antikoagulation_die_wichtigsten_tipps.pdf\" target=\"_blank\" rel=\"noopener noreferrer\">Les conseils les plus importants pour une anticoagulation s\u00fbre &#8211; notice<\/a><\/li>\n<li><a href=\"https:\/\/inrswiss.ch\/wp-content\/uploads\/2020\/10\/reiseclip.pdf\" target=\"_blank\" rel=\"noopener noreferrer\">Bon de commande clip de voyage<\/a> (seulement jusqu&rsquo;\u00e0 \u00e9puisement des stocks)<\/li>\n<li><a href=\"https:\/\/inrswiss.ch\/wp-content\/uploads\/2020\/10\/medikamentendose.pdf\" target=\"_blank\" rel=\"noopener noreferrer\">Bon de commande pot de m\u00e9dicaments<\/a> (seulement jusqu&rsquo;\u00e0 \u00e9puisement des stocks)<\/li>\n<li><a href=\"https:\/\/inrswiss.ch\/wp-content\/uploads\/2020\/10\/Statuten_2015.pdf\" target=\"_blank\" rel=\"noopener noreferrer\">Statuts<\/a><\/li>\n<\/ul>\n<p>&nbsp;<\/p>\n<p>[\/et_pb_text][\/et_pb_column][et_pb_column type=\u00a0\u00bb1_3&Prime; _builder_version=\u00a0\u00bb4.5.8&Prime; _module_preset=\u00a0\u00bbdefault\u00a0\u00bb][et_pb_text _builder_version=\u00a0\u00bb4.5.8&Prime; _module_preset=\u00a0\u00bbdefault\u00a0\u00bb header_font=\u00a0\u00bb|600|||||||\u00a0\u00bb header_text_color=\u00a0\u00bb#d6005a\u00a0\u00bb animation_style=\u00a0\u00bbslide\u00a0\u00bb animation_direction=\u00a0\u00bbright\u00a0\u00bb link_option_url=\u00a0\u00bbhttps:\/\/www.coaguchek.de\/patienten\/service\/newsletter\/\u00a0\u00bb link_option_url_new_window=\u00a0\u00bbon\u00a0\u00bb]<\/p>\n<h1>Le magazine Coagulation n&rsquo;est plus disponible en version papier<\/h1>\n<p>Le magazine n&rsquo;est plus imprim\u00e9. Cependant, il peut \u00eatre t\u00e9l\u00e9charg\u00e9 \u00e0 partir du site Web suivant.<\/p>\n<p>En option, vous pouvez vous inscrire \u00e0 une newsletter, puis vous serez averti par e-mail lorsqu&rsquo;un nouveau num\u00e9ro sera publi\u00e9.<\/p>\n<p><a href=\"https:\/\/www.coaguchek.de\/patienten\/service\/newsletter\/\" target=\"_blank\" rel=\"noopener noreferrer\"><strong>-&gt; CoaguCheck<span style=\"color: #ff0000;\"><\/span><\/strong><\/a><\/p>\n<p>&nbsp;<\/p>\n<p>[\/et_pb_text][\/et_pb_column][\/et_pb_row][\/et_pb_section]<\/p>\n","protected":false},"excerpt":{"rendered":"<p>T\u00e9l\u00e9chargements &nbsp; UPDATE : Fiche d&rsquo;information sur les mutuelles, nouveaux tarifs des bandelettes r\u00e9actives Les derniers changements sont toujours publi\u00e9s ici Modifications au 1er avril 2019 (voir page 56, num\u00e9ros d&rsquo;article 21.03.20.00.1 et 21.03.20.01.1) Exemples de tableaux \u00e0 t\u00e9l\u00e9charger (pour la gestion \u00e9lectronique de votre carte \u00e0 valeur INR) Exemple de tableau 1 (Excel) Exemple [&hellip;]<\/p>\n","protected":false},"author":1,"featured_media":0,"parent":571,"menu_order":0,"comment_status":"closed","ping_status":"closed","template":"","meta":{"_et_pb_use_builder":"on","_et_pb_old_content":"","_et_gb_content_width":"","footnotes":""},"folder":[],"class_list":["post-590","page","type-page","status-publish","hentry"],"jetpack_sharing_enabled":true,"_links":{"self":[{"href":"https:\/\/inrswiss.ch\/fr\/wp-json\/wp\/v2\/pages\/590","targetHints":{"allow":["GET"]}}],"collection":[{"href":"https:\/\/inrswiss.ch\/fr\/wp-json\/wp\/v2\/pages"}],"about":[{"href":"https:\/\/inrswiss.ch\/fr\/wp-json\/wp\/v2\/types\/page"}],"author":[{"embeddable":true,"href":"https:\/\/inrswiss.ch\/fr\/wp-json\/wp\/v2\/users\/1"}],"replies":[{"embeddable":true,"href":"https:\/\/inrswiss.ch\/fr\/wp-json\/wp\/v2\/comments?post=590"}],"version-history":[{"count":4,"href":"https:\/\/inrswiss.ch\/fr\/wp-json\/wp\/v2\/pages\/590\/revisions"}],"predecessor-version":[{"id":660,"href":"https:\/\/inrswiss.ch\/fr\/wp-json\/wp\/v2\/pages\/590\/revisions\/660"}],"up":[{"embeddable":true,"href":"https:\/\/inrswiss.ch\/fr\/wp-json\/wp\/v2\/pages\/571"}],"wp:attachment":[{"href":"https:\/\/inrswiss.ch\/fr\/wp-json\/wp\/v2\/media?parent=590"}],"wp:term":[{"taxonomy":"folder","embeddable":true,"href":"https:\/\/inrswiss.ch\/fr\/wp-json\/wp\/v2\/folder?post=590"}],"curies":[{"name":"wp","href":"https:\/\/api.w.org\/{rel}","templated":true}]}}