{"id":582,"date":"2021-11-30T11:17:46","date_gmt":"2021-11-30T10:17:46","guid":{"rendered":"https:\/\/inrswiss.ch\/evenements\/inscription-inrswiss-day\/"},"modified":"2021-11-30T11:17:48","modified_gmt":"2021-11-30T10:17:48","slug":"inscription-inrswiss-day","status":"publish","type":"page","link":"https:\/\/inrswiss.ch\/fr\/evenements\/inscription-inrswiss-day\/","title":{"rendered":"Inscription INRswiss day"},"content":{"rendered":"<p>[et_pb_section fb_built=\u00a0\u00bb1&Prime; fullwidth=\u00a0\u00bbon\u00a0\u00bb _builder_version=\u00a0\u00bb4.6.5&Prime; _module_preset=\u00a0\u00bbdefault\u00a0\u00bb background_image=\u00a0\u00bbhttps:\/\/inrswiss.ch\/wp-content\/uploads\/2020\/10\/inrswiss-header-05.jpg\u00a0\u00bb min_height=\u00a0\u00bb350px\u00a0\u00bb max_height=\u00a0\u00bb350px\u00a0\u00bb][\/et_pb_section][et_pb_section fb_built=\u00a0\u00bb1&Prime; _builder_version=\u00a0\u00bb4.5.8&Prime; _module_preset=\u00a0\u00bbdefault\u00a0\u00bb][et_pb_row _builder_version=\u00a0\u00bb4.5.8&Prime; _module_preset=\u00a0\u00bbdefault\u00a0\u00bb][et_pb_column type=\u00a0\u00bb4_4&Prime; _builder_version=\u00a0\u00bb4.5.8&Prime; _module_preset=\u00a0\u00bbdefault\u00a0\u00bb][et_pb_text _builder_version=\u00a0\u00bb4.6.5&Prime; _module_preset=\u00a0\u00bbdefault\u00a0\u00bb header_font=\u00a0\u00bb|600|||||||\u00a0\u00bb header_text_color=\u00a0\u00bb#d6005a\u00a0\u00bb animation_style=\u00a0\u00bbslide\u00a0\u00bb animation_direction=\u00a0\u00bbleft\u00a0\u00bb]<\/p>\n<h1>Inscription INRswiss day<\/h1>\n<h3><div class=\"wpforms-container wpforms-container-full\" id=\"wpforms-217\"><form id=\"wpforms-form-217\" class=\"wpforms-validate wpforms-form\" data-formid=\"217\" method=\"post\" enctype=\"multipart\/form-data\" action=\"\/fr\/wp-json\/wp\/v2\/pages\/582\" data-token=\"ae1fea7be8d52f6863ba1b31fef06ba8\" data-token-time=\"1777140174\"><noscript class=\"wpforms-error-noscript\">Veuillez activer JavaScript dans votre navigateur pour remplir ce formulaire.<\/noscript><div class=\"wpforms-field-container\"><div id=\"wpforms-217-field_1-container\" class=\"wpforms-field wpforms-field-select wpforms-field-select-style-classic\" data-field-id=\"1\"><label class=\"wpforms-field-label\" for=\"wpforms-217-field_1\">Titre de civilit\u00e9 <span class=\"wpforms-required-label\">*<\/span><\/label><select id=\"wpforms-217-field_1\" class=\"wpforms-field-medium wpforms-field-required\" name=\"wpforms[fields][1]\" required=\"required\"><option value=\"\" class=\"placeholder\" disabled  selected='selected'>Veuillez s\u00e9lectionner...<\/option><option value=\"Mme\"  class=\"choice-1 depth-1\"  >Mme<\/option><option value=\"Monsieur\"  class=\"choice-2 depth-1\"  >Monsieur<\/option><\/select><\/div><div id=\"wpforms-217-field_2-container\" class=\"wpforms-field wpforms-field-text\" data-field-id=\"2\"><label class=\"wpforms-field-label\" for=\"wpforms-217-field_2\">Pr\u00e9nom <span class=\"wpforms-required-label\">*<\/span><\/label><input type=\"text\" id=\"wpforms-217-field_2\" class=\"wpforms-field-medium wpforms-field-required\" name=\"wpforms[fields][2]\" required><\/div><div id=\"wpforms-217-field_3-container\" class=\"wpforms-field wpforms-field-text\" data-field-id=\"3\"><label class=\"wpforms-field-label\" for=\"wpforms-217-field_3\">Nom de famille <span class=\"wpforms-required-label\">*<\/span><\/label><input type=\"text\" id=\"wpforms-217-field_3\" class=\"wpforms-field-medium wpforms-field-required\" name=\"wpforms[fields][3]\" required><\/div><div id=\"wpforms-217-field_4-container\" class=\"wpforms-field wpforms-field-text\" data-field-id=\"4\"><label class=\"wpforms-field-label\" for=\"wpforms-217-field_4\">Rue, Nr. <span class=\"wpforms-required-label\">*<\/span><\/label><input type=\"text\" id=\"wpforms-217-field_4\" class=\"wpforms-field-medium wpforms-field-required\" name=\"wpforms[fields][4]\" required><\/div><div id=\"wpforms-217-field_5-container\" class=\"wpforms-field wpforms-field-text\" data-field-id=\"5\"><label class=\"wpforms-field-label\" for=\"wpforms-217-field_5\">Code postal \/ ville <span class=\"wpforms-required-label\">*<\/span><\/label><input type=\"text\" id=\"wpforms-217-field_5\" class=\"wpforms-field-medium wpforms-field-required\" name=\"wpforms[fields][5]\" required><\/div><div id=\"wpforms-217-field_6-container\" class=\"wpforms-field wpforms-field-text\" data-field-id=\"6\"><label class=\"wpforms-field-label\" for=\"wpforms-217-field_6\">T\u00e9l\u00e9phone <span class=\"wpforms-required-label\">*<\/span><\/label><input type=\"text\" id=\"wpforms-217-field_6\" class=\"wpforms-field-medium wpforms-field-required\" name=\"wpforms[fields][6]\" required><\/div><div id=\"wpforms-217-field_7-container\" class=\"wpforms-field wpforms-field-email\" data-field-id=\"7\"><label class=\"wpforms-field-label\">E-mail <span class=\"wpforms-required-label\">*<\/span><\/label><div class=\"wpforms-field-row wpforms-field-medium\"><div class=\"wpforms-field-row-block wpforms-one-half wpforms-first\"><input type=\"email\" id=\"wpforms-217-field_7\" class=\"wpforms-field-required wpforms-field-email-primary\" name=\"wpforms[fields][7][primary]\" spellcheck=\"false\" required><label for=\"wpforms-217-field_7\" class=\"wpforms-field-sublabel after\">E-mail<\/label><\/div><div class=\"wpforms-field-row-block wpforms-one-half\"><input type=\"email\" id=\"wpforms-217-field_7-secondary\" class=\"wpforms-field-email-secondary wpforms-field-required\" data-rule-confirm=\"#wpforms-217-field_7\" name=\"wpforms[fields][7][secondary]\" spellcheck=\"false\" required><label for=\"wpforms-217-field_7-secondary\" class=\"wpforms-field-sublabel after\">Confirmez l\u2019e-mail<\/label><\/div><\/div><\/div><div id=\"wpforms-217-field_9-container\" class=\"wpforms-field wpforms-field-radio\" data-field-id=\"9\"><label class=\"wpforms-field-label\">Je suis membre de l&#039;INRswiss <span class=\"wpforms-required-label\">*<\/span><\/label><ul id=\"wpforms-217-field_9\" class=\"wpforms-field-required\"><li class=\"choice-1 depth-1\"><input type=\"radio\" id=\"wpforms-217-field_9_1\" name=\"wpforms[fields][9]\" value=\"Oui\" required ><label class=\"wpforms-field-label-inline\" for=\"wpforms-217-field_9_1\">Oui<\/label><\/li><li class=\"choice-2 depth-1\"><input type=\"radio\" id=\"wpforms-217-field_9_2\" name=\"wpforms[fields][9]\" value=\"non\" required ><label class=\"wpforms-field-label-inline\" for=\"wpforms-217-field_9_2\">non<\/label><\/li><\/ul><\/div><div id=\"wpforms-217-field_10-container\" class=\"wpforms-field wpforms-field-text wpforms-conditional-trigger\" data-field-id=\"10\"><label class=\"wpforms-field-label\" for=\"wpforms-217-field_10\">Compagnon (pr\u00e9nom\/nom)<\/label><input type=\"text\" id=\"wpforms-217-field_10\" class=\"wpforms-field-medium\" name=\"wpforms[fields][10]\" ><\/div><div id=\"wpforms-217-field_11-container\" class=\"wpforms-field wpforms-field-radio\" data-field-id=\"11\"><label class=\"wpforms-field-label\">D\u00e9jeuner membre <span class=\"wpforms-required-label\">*<\/span><\/label><ul id=\"wpforms-217-field_11\" class=\"wpforms-field-required\"><li class=\"choice-1 depth-1\"><input type=\"radio\" id=\"wpforms-217-field_11_1\" name=\"wpforms[fields][11]\" value=\"Plat de viande\" required ><label class=\"wpforms-field-label-inline\" for=\"wpforms-217-field_11_1\">Plat de viande<\/label><\/li><li class=\"choice-2 depth-1\"><input type=\"radio\" id=\"wpforms-217-field_11_2\" name=\"wpforms[fields][11]\" value=\"V\u00e9g\u00e9tarien\" required ><label class=\"wpforms-field-label-inline\" for=\"wpforms-217-field_11_2\">V\u00e9g\u00e9tarien<\/label><\/li><\/ul><\/div><div id=\"wpforms-217-field_12-container\" class=\"wpforms-field wpforms-field-radio wpforms-conditional-field wpforms-conditional-show\" data-field-id=\"12\" style=\"display:none;\"><label class=\"wpforms-field-label\">Accompagnateur d\u00e9jeuner<\/label><ul id=\"wpforms-217-field_12\"><li class=\"choice-1 depth-1\"><input type=\"radio\" id=\"wpforms-217-field_12_1\" name=\"wpforms[fields][12]\" value=\"Plat de viande\"  ><label class=\"wpforms-field-label-inline\" for=\"wpforms-217-field_12_1\">Plat de viande<\/label><\/li><li class=\"choice-2 depth-1\"><input type=\"radio\" id=\"wpforms-217-field_12_2\" name=\"wpforms[fields][12]\" value=\"V\u00e9g\u00e9tarien\"  ><label class=\"wpforms-field-label-inline\" for=\"wpforms-217-field_12_2\">V\u00e9g\u00e9tarien<\/label><\/li><\/ul><\/div><div id=\"wpforms-217-field_13-container\" class=\"wpforms-field wpforms-field-radio\" data-field-id=\"13\"><label class=\"wpforms-field-label\">D\u00e9jeuner non-membre<\/label><ul id=\"wpforms-217-field_13\"><li class=\"choice-1 depth-1\"><input type=\"radio\" id=\"wpforms-217-field_13_1\" name=\"wpforms[fields][13]\" value=\"Plat de viande\"  ><label class=\"wpforms-field-label-inline\" for=\"wpforms-217-field_13_1\">Plat de viande<\/label><\/li><li class=\"choice-2 depth-1\"><input type=\"radio\" id=\"wpforms-217-field_13_2\" name=\"wpforms[fields][13]\" value=\"V\u00e9g\u00e9tarien\"  ><label class=\"wpforms-field-label-inline\" for=\"wpforms-217-field_13_2\">V\u00e9g\u00e9tarien<\/label><\/li><\/ul><\/div><div id=\"wpforms-217-field_8-container\" class=\"wpforms-field wpforms-field-textarea\" data-field-id=\"8\"><label class=\"wpforms-field-label\" for=\"wpforms-217-field_8\">Remarques<\/label><textarea id=\"wpforms-217-field_8\" class=\"wpforms-field-medium\" name=\"wpforms[fields][8]\" ><\/textarea><\/div><\/div><!-- .wpforms-field-container --><div class=\"wpforms-recaptcha-container wpforms-is-recaptcha wpforms-is-recaptcha-type-v3\" ><input type=\"hidden\" name=\"wpforms[recaptcha]\" value=\"\"><\/div><div class=\"wpforms-submit-container\" ><input type=\"hidden\" name=\"wpforms[id]\" value=\"217\"><input type=\"hidden\" name=\"page_title\" value=\"\"><input type=\"hidden\" name=\"page_url\" value=\"https:\/\/inrswiss.ch\/fr\/wp-json\/wp\/v2\/pages\/582\"><input type=\"hidden\" name=\"url_referer\" value=\"\"><button type=\"submit\" name=\"wpforms[submit]\" id=\"wpforms-submit-217\" class=\"wpforms-submit\" data-alt-text=\"Envoyer...\" data-submit-text=\"S&#039;inscrire\" aria-live=\"assertive\" value=\"wpforms-submit\">S&#039;inscrire<\/button><\/div><\/form><\/div>  <!-- .wpforms-container --><\/h3>\n<p>&nbsp;<\/p>\n<p>&nbsp;<\/p>\n<p>[\/et_pb_text][et_pb_text _builder_version=\u00a0\u00bb4.6.5&Prime; _module_preset=\u00a0\u00bbdefault\u00a0\u00bb header_font=\u00a0\u00bb|600|||||||\u00a0\u00bb header_text_color=\u00a0\u00bb#d6005a\u00a0\u00bb animation_style=\u00a0\u00bbslide\u00a0\u00bb animation_direction=\u00a0\u00bbleft\u00a0\u00bb hover_enabled=\u00a0\u00bb0&Prime; sticky_enabled=\u00a0\u00bb0&Prime;]<\/p>\n<p>Votre inscription est consid\u00e9r\u00e9e comme d\u00e9finitive. Si vous annulez \u00e0 court terme ou si vous ne vous pr\u00e9sentez pas \u00e0 l&rsquo;\u00e9v\u00e9nement, les frais de la conf\u00e9rence ne peuvent \u00eatre rembours\u00e9s.<\/p>\n<p>&nbsp;<\/p>\n<p>[\/et_pb_text][et_pb_video _builder_version=\u00a0\u00bb4.6.5&Prime; _module_preset=\u00a0\u00bbdefault\u00a0\u00bb][\/et_pb_video][\/et_pb_column][\/et_pb_row][\/et_pb_section]<\/p>\n","protected":false},"excerpt":{"rendered":"<p>Inscription INRswiss day <div class=\"wpforms-container wpforms-container-full\" id=\"wpforms-217\"><form id=\"wpforms-form-217\" class=\"wpforms-validate wpforms-form\" data-formid=\"217\" method=\"post\" enctype=\"multipart\/form-data\" action=\"\/fr\/wp-json\/wp\/v2\/pages\/582\" data-token=\"ae1fea7be8d52f6863ba1b31fef06ba8\" data-token-time=\"1777140174\"><noscript class=\"wpforms-error-noscript\">Veuillez activer JavaScript dans votre navigateur pour remplir ce formulaire.<\/noscript><div class=\"wpforms-field-container\"><div id=\"wpforms-217-field_1-container\" class=\"wpforms-field wpforms-field-select wpforms-field-select-style-classic\" data-field-id=\"1\"><label class=\"wpforms-field-label\" for=\"wpforms-217-field_1\">Titre de civilit\u00e9 <span class=\"wpforms-required-label\">*<\/span><\/label><select id=\"wpforms-217-field_1\" class=\"wpforms-field-medium wpforms-field-required\" name=\"wpforms[fields][1]\" required=\"required\"><option value=\"\" class=\"placeholder\" disabled  selected='selected'>Veuillez s\u00e9lectionner...<\/option><option value=\"Mme\"  class=\"choice-1 depth-1\"  >Mme<\/option><option value=\"Monsieur\"  class=\"choice-2 depth-1\"  >Monsieur<\/option><\/select><\/div><div id=\"wpforms-217-field_2-container\" class=\"wpforms-field wpforms-field-text\" data-field-id=\"2\"><label class=\"wpforms-field-label\" for=\"wpforms-217-field_2\">Pr\u00e9nom <span class=\"wpforms-required-label\">*<\/span><\/label><input type=\"text\" id=\"wpforms-217-field_2\" class=\"wpforms-field-medium wpforms-field-required\" name=\"wpforms[fields][2]\" required><\/div><div id=\"wpforms-217-field_3-container\" class=\"wpforms-field wpforms-field-text\" data-field-id=\"3\"><label class=\"wpforms-field-label\" for=\"wpforms-217-field_3\">Nom de famille <span class=\"wpforms-required-label\">*<\/span><\/label><input type=\"text\" id=\"wpforms-217-field_3\" class=\"wpforms-field-medium wpforms-field-required\" name=\"wpforms[fields][3]\" required><\/div><div id=\"wpforms-217-field_4-container\" class=\"wpforms-field wpforms-field-text\" data-field-id=\"4\"><label class=\"wpforms-field-label\" for=\"wpforms-217-field_4\">Rue, Nr. <span class=\"wpforms-required-label\">*<\/span><\/label><input type=\"text\" id=\"wpforms-217-field_4\" class=\"wpforms-field-medium wpforms-field-required\" name=\"wpforms[fields][4]\" required><\/div><div id=\"wpforms-217-field_5-container\" class=\"wpforms-field wpforms-field-text\" data-field-id=\"5\"><label class=\"wpforms-field-label\" for=\"wpforms-217-field_5\">Code postal \/ ville <span class=\"wpforms-required-label\">*<\/span><\/label><input type=\"text\" id=\"wpforms-217-field_5\" class=\"wpforms-field-medium wpforms-field-required\" name=\"wpforms[fields][5]\" required><\/div><div id=\"wpforms-217-field_6-container\" class=\"wpforms-field wpforms-field-text\" data-field-id=\"6\"><label class=\"wpforms-field-label\" for=\"wpforms-217-field_6\">T\u00e9l\u00e9phone <span class=\"wpforms-required-label\">*<\/span><\/label><input type=\"text\" id=\"wpforms-217-field_6\" class=\"wpforms-field-medium wpforms-field-required\" name=\"wpforms[fields][6]\" required><\/div><div id=\"wpforms-217-field_7-container\" class=\"wpforms-field wpforms-field-email\" data-field-id=\"7\"><label class=\"wpforms-field-label\">E-mail <span class=\"wpforms-required-label\">*<\/span><\/label><div class=\"wpforms-field-row wpforms-field-medium\"><div class=\"wpforms-field-row-block wpforms-one-half wpforms-first\"><input type=\"email\" id=\"wpforms-217-field_7\" class=\"wpforms-field-required wpforms-field-email-primary\" name=\"wpforms[fields][7][primary]\" spellcheck=\"false\" required><label for=\"wpforms-217-field_7\" class=\"wpforms-field-sublabel after\">E-mail<\/label><\/div><div class=\"wpforms-field-row-block wpforms-one-half\"><input type=\"email\" id=\"wpforms-217-field_7-secondary\" class=\"wpforms-field-email-secondary wpforms-field-required\" data-rule-confirm=\"#wpforms-217-field_7\" name=\"wpforms[fields][7][secondary]\" spellcheck=\"false\" required><label for=\"wpforms-217-field_7-secondary\" class=\"wpforms-field-sublabel after\">Confirmez l\u2019e-mail<\/label><\/div><\/div><\/div><div id=\"wpforms-217-field_9-container\" class=\"wpforms-field wpforms-field-radio\" data-field-id=\"9\"><label class=\"wpforms-field-label\">Je suis membre de l&#039;INRswiss <span class=\"wpforms-required-label\">*<\/span><\/label><ul id=\"wpforms-217-field_9\" class=\"wpforms-field-required\"><li class=\"choice-1 depth-1\"><input type=\"radio\" id=\"wpforms-217-field_9_1\" name=\"wpforms[fields][9]\" value=\"Oui\" required ><label class=\"wpforms-field-label-inline\" for=\"wpforms-217-field_9_1\">Oui<\/label><\/li><li class=\"choice-2 depth-1\"><input type=\"radio\" id=\"wpforms-217-field_9_2\" name=\"wpforms[fields][9]\" value=\"non\" required ><label class=\"wpforms-field-label-inline\" for=\"wpforms-217-field_9_2\">non<\/label><\/li><\/ul><\/div><div id=\"wpforms-217-field_10-container\" class=\"wpforms-field wpforms-field-text wpforms-conditional-trigger\" data-field-id=\"10\"><label class=\"wpforms-field-label\" for=\"wpforms-217-field_10\">Compagnon (pr\u00e9nom\/nom)<\/label><input type=\"text\" id=\"wpforms-217-field_10\" class=\"wpforms-field-medium\" name=\"wpforms[fields][10]\" ><\/div><div id=\"wpforms-217-field_11-container\" class=\"wpforms-field wpforms-field-radio\" data-field-id=\"11\"><label class=\"wpforms-field-label\">D\u00e9jeuner membre <span class=\"wpforms-required-label\">*<\/span><\/label><ul id=\"wpforms-217-field_11\" class=\"wpforms-field-required\"><li class=\"choice-1 depth-1\"><input type=\"radio\" id=\"wpforms-217-field_11_1\" name=\"wpforms[fields][11]\" value=\"Plat de viande\" required ><label class=\"wpforms-field-label-inline\" for=\"wpforms-217-field_11_1\">Plat de viande<\/label><\/li><li class=\"choice-2 depth-1\"><input type=\"radio\" id=\"wpforms-217-field_11_2\" name=\"wpforms[fields][11]\" value=\"V\u00e9g\u00e9tarien\" required ><label class=\"wpforms-field-label-inline\" for=\"wpforms-217-field_11_2\">V\u00e9g\u00e9tarien<\/label><\/li><\/ul><\/div><div id=\"wpforms-217-field_12-container\" class=\"wpforms-field wpforms-field-radio wpforms-conditional-field wpforms-conditional-show\" data-field-id=\"12\" style=\"display:none;\"><label class=\"wpforms-field-label\">Accompagnateur d\u00e9jeuner<\/label><ul id=\"wpforms-217-field_12\"><li class=\"choice-1 depth-1\"><input type=\"radio\" id=\"wpforms-217-field_12_1\" name=\"wpforms[fields][12]\" value=\"Plat de viande\"  ><label class=\"wpforms-field-label-inline\" for=\"wpforms-217-field_12_1\">Plat de viande<\/label><\/li><li class=\"choice-2 depth-1\"><input type=\"radio\" id=\"wpforms-217-field_12_2\" name=\"wpforms[fields][12]\" value=\"V\u00e9g\u00e9tarien\"  ><label class=\"wpforms-field-label-inline\" for=\"wpforms-217-field_12_2\">V\u00e9g\u00e9tarien<\/label><\/li><\/ul><\/div><div id=\"wpforms-217-field_13-container\" class=\"wpforms-field wpforms-field-radio\" data-field-id=\"13\"><label class=\"wpforms-field-label\">D\u00e9jeuner non-membre<\/label><ul id=\"wpforms-217-field_13\"><li class=\"choice-1 depth-1\"><input type=\"radio\" id=\"wpforms-217-field_13_1\" name=\"wpforms[fields][13]\" value=\"Plat de viande\"  ><label class=\"wpforms-field-label-inline\" for=\"wpforms-217-field_13_1\">Plat de viande<\/label><\/li><li class=\"choice-2 depth-1\"><input type=\"radio\" id=\"wpforms-217-field_13_2\" name=\"wpforms[fields][13]\" value=\"V\u00e9g\u00e9tarien\"  ><label class=\"wpforms-field-label-inline\" for=\"wpforms-217-field_13_2\">V\u00e9g\u00e9tarien<\/label><\/li><\/ul><\/div><div id=\"wpforms-217-field_8-container\" class=\"wpforms-field wpforms-field-textarea\" data-field-id=\"8\"><label class=\"wpforms-field-label\" for=\"wpforms-217-field_8\">Remarques<\/label><textarea id=\"wpforms-217-field_8\" class=\"wpforms-field-medium\" name=\"wpforms[fields][8]\" ><\/textarea><\/div><\/div><!-- .wpforms-field-container --><div class=\"wpforms-recaptcha-container wpforms-is-recaptcha wpforms-is-recaptcha-type-v3\" ><input type=\"hidden\" name=\"wpforms[recaptcha]\" value=\"\"><\/div><div class=\"wpforms-submit-container\" ><input type=\"hidden\" name=\"wpforms[id]\" value=\"217\"><input type=\"hidden\" name=\"page_title\" value=\"\"><input type=\"hidden\" name=\"page_url\" value=\"https:\/\/inrswiss.ch\/fr\/wp-json\/wp\/v2\/pages\/582\"><input type=\"hidden\" name=\"url_referer\" value=\"\"><button type=\"submit\" name=\"wpforms[submit]\" id=\"wpforms-submit-217\" class=\"wpforms-submit\" data-alt-text=\"Envoyer...\" data-submit-text=\"S&#039;inscrire\" aria-live=\"assertive\" value=\"wpforms-submit\">S&#039;inscrire<\/button><\/div><\/form><\/div>  <!-- .wpforms-container --> &nbsp; &nbsp;Votre inscription est consid\u00e9r\u00e9e comme d\u00e9finitive. Si vous annulez \u00e0 court terme ou si vous ne vous pr\u00e9sentez pas \u00e0 l&rsquo;\u00e9v\u00e9nement, les frais de la conf\u00e9rence ne peuvent \u00eatre rembours\u00e9s. &nbsp;<\/p>\n","protected":false},"author":1,"featured_media":0,"parent":561,"menu_order":0,"comment_status":"closed","ping_status":"closed","template":"","meta":{"_et_pb_use_builder":"on","_et_pb_old_content":"","_et_gb_content_width":"","footnotes":""},"folder":[],"class_list":["post-582","page","type-page","status-publish","hentry"],"jetpack_sharing_enabled":true,"_links":{"self":[{"href":"https:\/\/inrswiss.ch\/fr\/wp-json\/wp\/v2\/pages\/582","targetHints":{"allow":["GET"]}}],"collection":[{"href":"https:\/\/inrswiss.ch\/fr\/wp-json\/wp\/v2\/pages"}],"about":[{"href":"https:\/\/inrswiss.ch\/fr\/wp-json\/wp\/v2\/types\/page"}],"author":[{"embeddable":true,"href":"https:\/\/inrswiss.ch\/fr\/wp-json\/wp\/v2\/users\/1"}],"replies":[{"embeddable":true,"href":"https:\/\/inrswiss.ch\/fr\/wp-json\/wp\/v2\/comments?post=582"}],"version-history":[{"count":4,"href":"https:\/\/inrswiss.ch\/fr\/wp-json\/wp\/v2\/pages\/582\/revisions"}],"predecessor-version":[{"id":589,"href":"https:\/\/inrswiss.ch\/fr\/wp-json\/wp\/v2\/pages\/582\/revisions\/589"}],"up":[{"embeddable":true,"href":"https:\/\/inrswiss.ch\/fr\/wp-json\/wp\/v2\/pages\/561"}],"wp:attachment":[{"href":"https:\/\/inrswiss.ch\/fr\/wp-json\/wp\/v2\/media?parent=582"}],"wp:term":[{"taxonomy":"folder","embeddable":true,"href":"https:\/\/inrswiss.ch\/fr\/wp-json\/wp\/v2\/folder?post=582"}],"curies":[{"name":"wp","href":"https:\/\/api.w.org\/{rel}","templated":true}]}}