{"id":575,"date":"2021-11-30T11:17:46","date_gmt":"2021-11-30T10:17:46","guid":{"rendered":"https:\/\/inrswiss.ch\/a-propos-de-nous\/"},"modified":"2021-11-30T14:16:50","modified_gmt":"2021-11-30T13:16:50","slug":"a-propos-de-nous","status":"publish","type":"page","link":"https:\/\/inrswiss.ch\/fr\/a-propos-de-nous\/","title":{"rendered":"\u00c0 propos de nous"},"content":{"rendered":"<p>[et_pb_section fb_built=\u00a0\u00bb1&Prime; fullwidth=\u00a0\u00bbon\u00a0\u00bb _builder_version=\u00a0\u00bb4.6.5&Prime; _module_preset=\u00a0\u00bbdefault\u00a0\u00bb background_image=\u00a0\u00bbhttps:\/\/inrswiss.ch\/wp-content\/uploads\/2020\/09\/inrswiss-header-03.jpg\u00a0\u00bb min_height=\u00a0\u00bb350px\u00a0\u00bb max_height=\u00a0\u00bb350px\u00a0\u00bb global_colors_info=\u00a0\u00bb{}\u00a0\u00bb][\/et_pb_section][et_pb_section fb_built=\u00a0\u00bb1&Prime; _builder_version=\u00a0\u00bb4.5.8&Prime; _module_preset=\u00a0\u00bbdefault\u00a0\u00bb global_colors_info=\u00a0\u00bb{}\u00a0\u00bb][et_pb_row _builder_version=\u00a0\u00bb4.5.8&Prime; _module_preset=\u00a0\u00bbdefault\u00a0\u00bb global_colors_info=\u00a0\u00bb{}\u00a0\u00bb][et_pb_column type=\u00a0\u00bb4_4&Prime; _builder_version=\u00a0\u00bb4.5.8&Prime; _module_preset=\u00a0\u00bbdefault\u00a0\u00bb global_colors_info=\u00a0\u00bb{}\u00a0\u00bb][et_pb_text _builder_version=\u00a0\u00bb4.14.1&Prime; _module_preset=\u00a0\u00bbdefault\u00a0\u00bb header_font=\u00a0\u00bb|600|||||||\u00a0\u00bb header_text_color=\u00a0\u00bb#d6005a\u00a0\u00bb animation_style=\u00a0\u00bbslide\u00a0\u00bb animation_direction=\u00a0\u00bbleft\u00a0\u00bb hover_enabled=\u00a0\u00bb0&Prime; global_colors_info=\u00a0\u00bb{}\u00a0\u00bb sticky_enabled=\u00a0\u00bb0&Prime;]<\/p>\n<h1>\u00c0 propos de nous<\/h1>\n<p>De nombreuses personnes d&rsquo;\u00e2ges diff\u00e9rents vivent en Suisse et doivent diluer leur sang pour des raisons m\u00e9dicales, c&rsquo;est-\u00e0-dire doivent anticoaguler.<\/p>\n<p>Plus de 1000 personnes ont d\u00e9j\u00e0 pris le contr\u00f4le de leur coagulation sanguine.<\/p>\n<p>\u00c0 l&rsquo;aide d&rsquo;un petit appareil de mesure et du sang capillaire du doigt, il est possible de d\u00e9terminer vous-m\u00eame le temps de coagulation du sang. Cela demande une certaine connaissance de base et une formation qui nous est propos\u00e9e par le c\u00f4t\u00e9 m\u00e9dical.<\/p>\n<p>Mais quel genre d&rsquo;exp\u00e9riences faites-vous dans les ann\u00e9es de pratique qui suivent, quels probl\u00e8mes surviennent ? L&rsquo;objectif de l&rsquo;INRswiss est de permettre un \u00e9change d&rsquo;exp\u00e9riences et de contacts personnels les uns avec les autres, et de repr\u00e9senter ensemble nos pr\u00e9occupations. Avec la journ\u00e9e annuelle de l&rsquo;INRswiss, nous souhaitons \u00e9galement offrir une plate-forme informative.<\/p>\n<p>&nbsp;<\/p>\n<p>[\/et_pb_text][\/et_pb_column][\/et_pb_row][\/et_pb_section]<\/p>\n","protected":false},"excerpt":{"rendered":"<p>\u00c0 propos de nous De nombreuses personnes d&rsquo;\u00e2ges diff\u00e9rents vivent en Suisse et doivent diluer leur sang pour des raisons m\u00e9dicales, c&rsquo;est-\u00e0-dire doivent anticoaguler. Plus de 1000 personnes ont d\u00e9j\u00e0 pris le contr\u00f4le de leur coagulation sanguine. \u00c0 l&rsquo;aide d&rsquo;un petit appareil de mesure et du sang capillaire du doigt, il est possible de d\u00e9terminer [&hellip;]<\/p>\n","protected":false},"author":1,"featured_media":0,"parent":0,"menu_order":0,"comment_status":"closed","ping_status":"closed","template":"","meta":{"_et_pb_use_builder":"on","_et_pb_old_content":"","_et_gb_content_width":"","footnotes":""},"folder":[],"class_list":["post-575","page","type-page","status-publish","hentry"],"jetpack_sharing_enabled":true,"_links":{"self":[{"href":"https:\/\/inrswiss.ch\/fr\/wp-json\/wp\/v2\/pages\/575","targetHints":{"allow":["GET"]}}],"collection":[{"href":"https:\/\/inrswiss.ch\/fr\/wp-json\/wp\/v2\/pages"}],"about":[{"href":"https:\/\/inrswiss.ch\/fr\/wp-json\/wp\/v2\/types\/page"}],"author":[{"embeddable":true,"href":"https:\/\/inrswiss.ch\/fr\/wp-json\/wp\/v2\/users\/1"}],"replies":[{"embeddable":true,"href":"https:\/\/inrswiss.ch\/fr\/wp-json\/wp\/v2\/comments?post=575"}],"version-history":[{"count":5,"href":"https:\/\/inrswiss.ch\/fr\/wp-json\/wp\/v2\/pages\/575\/revisions"}],"predecessor-version":[{"id":711,"href":"https:\/\/inrswiss.ch\/fr\/wp-json\/wp\/v2\/pages\/575\/revisions\/711"}],"wp:attachment":[{"href":"https:\/\/inrswiss.ch\/fr\/wp-json\/wp\/v2\/media?parent=575"}],"wp:term":[{"taxonomy":"folder","embeddable":true,"href":"https:\/\/inrswiss.ch\/fr\/wp-json\/wp\/v2\/folder?post=575"}],"curies":[{"name":"wp","href":"https:\/\/api.w.org\/{rel}","templated":true}]}}