{"id":571,"date":"2021-11-30T11:17:46","date_gmt":"2021-11-30T10:17:46","guid":{"rendered":"https:\/\/inrswiss.ch\/informations\/"},"modified":"2022-01-12T10:32:32","modified_gmt":"2022-01-12T09:32:32","slug":"informations","status":"publish","type":"page","link":"https:\/\/inrswiss.ch\/fr\/informations\/","title":{"rendered":"Informations"},"content":{"rendered":"<p>[et_pb_section fb_built=\u00a0\u00bb1&Prime; fullwidth=\u00a0\u00bbon\u00a0\u00bb _builder_version=\u00a0\u00bb4.6.5&Prime; _module_preset=\u00a0\u00bbdefault\u00a0\u00bb background_image=\u00a0\u00bbhttps:\/\/inrswiss.ch\/wp-content\/uploads\/2020\/09\/inrswiss-header-04.jpg\u00a0\u00bb min_height=\u00a0\u00bb350px\u00a0\u00bb max_height=\u00a0\u00bb350px\u00a0\u00bb global_colors_info=\u00a0\u00bb{}\u00a0\u00bb][\/et_pb_section][et_pb_section fb_built=\u00a0\u00bb1&Prime; _builder_version=\u00a0\u00bb4.5.8&Prime; _module_preset=\u00a0\u00bbdefault\u00a0\u00bb global_colors_info=\u00a0\u00bb{}\u00a0\u00bb][et_pb_row _builder_version=\u00a0\u00bb4.5.8&Prime; _module_preset=\u00a0\u00bbdefault\u00a0\u00bb global_colors_info=\u00a0\u00bb{}\u00a0\u00bb][et_pb_column type=\u00a0\u00bb4_4&Prime; _builder_version=\u00a0\u00bb4.5.8&Prime; _module_preset=\u00a0\u00bbdefault\u00a0\u00bb global_colors_info=\u00a0\u00bb{}\u00a0\u00bb][et_pb_text _builder_version=\u00a0\u00bb4.14.1&Prime; _module_preset=\u00a0\u00bbdefault\u00a0\u00bb header_font=\u00a0\u00bb|600|||||||\u00a0\u00bb header_text_color=\u00a0\u00bb#d6005a\u00a0\u00bb animation_style=\u00a0\u00bbslide\u00a0\u00bb animation_direction=\u00a0\u00bbleft\u00a0\u00bb global_colors_info=\u00a0\u00bb{}\u00a0\u00bb]<\/p>\n<h1>Informations<\/h1>\n<h3><\/h3>\n<h3>L&rsquo;autocontr\u00f4le de la coagulation offre une ind\u00e9pendance dans la vie de tous les jours et en voyage.<\/h3>\n<p>Qui est appropri\u00e9 pour l&rsquo;autocontr\u00f4le de la coagulation?<\/p>\n<ul>\n<li>La condition pr\u00e9alable est un \u00e9claircissement sanguin permanent ou \u00e0 long terme (anticoagulation)<\/li>\n<li>Les personnes concern\u00e9es doivent pouvoir suivre une formation appropri\u00e9e (les parents peuvent \u00eatre form\u00e9s pour les enfants et les aidants pour les personnes handicap\u00e9es). Ce faisant, ils apprennent \u00e0 mesurer eux-m\u00eames leur coagulation sanguine et \u00e0 doser de mani\u00e8re autonome les m\u00e9dicaments n\u00e9cessaires.<\/li>\n<li>Les personnes form\u00e9es doivent \u00eatre capables et d\u00e9sireuses de se prendre en charge.<br \/>La formation des patients vous int\u00e9resse ?<\/li>\n<\/ul>\n<p>[\/et_pb_text][et_pb_divider divider_weight=\u00a0\u00bb5px\u00a0\u00bb _builder_version=\u00a0\u00bb4.6.5&Prime; _module_preset=\u00a0\u00bbdefault\u00a0\u00bb animation_style=\u00a0\u00bbslide\u00a0\u00bb animation_direction=\u00a0\u00bbleft\u00a0\u00bb global_colors_info=\u00a0\u00bb{}\u00a0\u00bb][\/et_pb_divider][et_pb_text _builder_version=\u00a0\u00bb4.14.5&Prime; _module_preset=\u00a0\u00bbdefault\u00a0\u00bb header_font=\u00a0\u00bb|600|||||||\u00a0\u00bb header_text_color=\u00a0\u00bb#d6005a\u00a0\u00bb animation_style=\u00a0\u00bbslide\u00a0\u00bb animation_direction=\u00a0\u00bbleft\u00a0\u00bb hover_enabled=\u00a0\u00bb0&Prime; global_colors_info=\u00a0\u00bb{}\u00a0\u00bb sticky_enabled=\u00a0\u00bb0&Prime;]<\/p>\n<h3>La formation des patients vous int\u00e9resse ?<\/h3>\n<p>Des informations sur les cours de formation des patients de Coagulation Care ( <a href=\"https:\/\/www.coagulationcare.ch\/\" target=\"_blank\" rel=\"noopener noreferrer\">www.coagulationcare.ch<\/a> ) peuvent \u00eatre trouv\u00e9es sur le lien vers:<\/p>\n<ul>\n<li>Dates de formation<\/li>\n<li>Programme des cours<\/li>\n<li>Former des m\u00e9decins<\/li>\n<\/ul>\n<p>[\/et_pb_text][et_pb_divider divider_weight=\u00a0\u00bb5px\u00a0\u00bb _builder_version=\u00a0\u00bb4.6.5&Prime; _module_preset=\u00a0\u00bbdefault\u00a0\u00bb animation_style=\u00a0\u00bbslide\u00a0\u00bb animation_direction=\u00a0\u00bbleft\u00a0\u00bb global_colors_info=\u00a0\u00bb{}\u00a0\u00bb][\/et_pb_divider][et_pb_text _builder_version=\u00a0\u00bb4.6.5&Prime; _module_preset=\u00a0\u00bbdefault\u00a0\u00bb header_font=\u00a0\u00bb|600|||||||\u00a0\u00bb header_text_color=\u00a0\u00bb#d6005a\u00a0\u00bb animation_style=\u00a0\u00bbslide\u00a0\u00bb animation_direction=\u00a0\u00bbleft\u00a0\u00bb global_colors_info=\u00a0\u00bb{}\u00a0\u00bb]<\/p>\n<h3>L&rsquo;appareil CoaguChek INRange remplace l&rsquo;appareil CoaguChek XS<\/h3>\n<p>Les bandelettes de test consommables et les lancettes Softclix restent les m\u00eames.<\/p>\n<p>Documents utiles pour le dispositif CoaguChek INRange :<\/p>\n<ul>\n<li><a href=\"\/\/inrswiss.ch\/wp-content\/uploads\/2020\/10\/CoaguChek_INRange_Gebrauchsanweisung_D.pdf\" target=\"_blank\" rel=\"noopener noreferrer\">Mode d&#8217;emploi allemand<\/a><\/li>\n<li><a href=\"\/\/inrswiss.ch\/wp-content\/uploads\/2020\/10\/CoaguChek_INRange_Kurzanleitung_D.pdf\" target=\"_blank\" rel=\"noopener noreferrer\">Mode d&#8217;emploi, version courte en allemand<\/a><\/li>\n<li><a href=\"https:\/\/inrswiss.ch\/wp-content\/uploads\/2020\/10\/CoaguChek_INRange_Zollerklaerung.pdf\" target=\"_blank\" rel=\"noopener noreferrer\">D\u00e9claration en douane<\/a><\/li>\n<\/ul>\n<p>[\/et_pb_text][\/et_pb_column][\/et_pb_row][\/et_pb_section]<\/p>\n","protected":false},"excerpt":{"rendered":"<p>Informations L&rsquo;autocontr\u00f4le de la coagulation offre une ind\u00e9pendance dans la vie de tous les jours et en voyage. Qui est appropri\u00e9 pour l&rsquo;autocontr\u00f4le de la coagulation? La condition pr\u00e9alable est un \u00e9claircissement sanguin permanent ou \u00e0 long terme (anticoagulation) Les personnes concern\u00e9es doivent pouvoir suivre une formation appropri\u00e9e (les parents peuvent \u00eatre form\u00e9s pour les [&hellip;]<\/p>\n","protected":false},"author":1,"featured_media":0,"parent":0,"menu_order":0,"comment_status":"closed","ping_status":"closed","template":"","meta":{"_et_pb_use_builder":"on","_et_pb_old_content":"","_et_gb_content_width":"","footnotes":""},"folder":[],"class_list":["post-571","page","type-page","status-publish","hentry"],"jetpack_sharing_enabled":true,"_links":{"self":[{"href":"https:\/\/inrswiss.ch\/fr\/wp-json\/wp\/v2\/pages\/571","targetHints":{"allow":["GET"]}}],"collection":[{"href":"https:\/\/inrswiss.ch\/fr\/wp-json\/wp\/v2\/pages"}],"about":[{"href":"https:\/\/inrswiss.ch\/fr\/wp-json\/wp\/v2\/types\/page"}],"author":[{"embeddable":true,"href":"https:\/\/inrswiss.ch\/fr\/wp-json\/wp\/v2\/users\/1"}],"replies":[{"embeddable":true,"href":"https:\/\/inrswiss.ch\/fr\/wp-json\/wp\/v2\/comments?post=571"}],"version-history":[{"count":5,"href":"https:\/\/inrswiss.ch\/fr\/wp-json\/wp\/v2\/pages\/571\/revisions"}],"predecessor-version":[{"id":730,"href":"https:\/\/inrswiss.ch\/fr\/wp-json\/wp\/v2\/pages\/571\/revisions\/730"}],"wp:attachment":[{"href":"https:\/\/inrswiss.ch\/fr\/wp-json\/wp\/v2\/media?parent=571"}],"wp:term":[{"taxonomy":"folder","embeddable":true,"href":"https:\/\/inrswiss.ch\/fr\/wp-json\/wp\/v2\/folder?post=571"}],"curies":[{"name":"wp","href":"https:\/\/api.w.org\/{rel}","templated":true}]}}