{"id":561,"date":"2021-11-30T11:17:46","date_gmt":"2021-11-30T10:17:46","guid":{"rendered":"https:\/\/inrswiss.ch\/evenements\/"},"modified":"2022-03-17T11:23:46","modified_gmt":"2022-03-17T10:23:46","slug":"evenements","status":"publish","type":"page","link":"https:\/\/inrswiss.ch\/fr\/evenements\/","title":{"rendered":"\u00c9v\u00e9nements"},"content":{"rendered":"<p>[et_pb_section fb_built=\u00a0\u00bb1&Prime; fullwidth=\u00a0\u00bbon\u00a0\u00bb _builder_version=\u00a0\u00bb4.6.5&Prime; _module_preset=\u00a0\u00bbdefault\u00a0\u00bb background_image=\u00a0\u00bbhttps:\/\/inrswiss.ch\/wp-content\/uploads\/2020\/10\/inrswiss-header-05.jpg\u00a0\u00bb min_height=\u00a0\u00bb350px\u00a0\u00bb max_height=\u00a0\u00bb350px\u00a0\u00bb global_colors_info=\u00a0\u00bb{}\u00a0\u00bb][\/et_pb_section][et_pb_section fb_built=\u00a0\u00bb1&Prime; _builder_version=\u00a0\u00bb4.5.8&Prime; _module_preset=\u00a0\u00bbdefault\u00a0\u00bb global_colors_info=\u00a0\u00bb{}\u00a0\u00bb][et_pb_row column_structure=\u00a0\u00bb2_3,1_3&Prime; _builder_version=\u00a0\u00bb4.5.8&Prime; _module_preset=\u00a0\u00bbdefault\u00a0\u00bb global_colors_info=\u00a0\u00bb{}\u00a0\u00bb][et_pb_column type=\u00a0\u00bb2_3&Prime; _builder_version=\u00a0\u00bb4.5.8&Prime; _module_preset=\u00a0\u00bbdefault\u00a0\u00bb global_colors_info=\u00a0\u00bb{}\u00a0\u00bb][et_pb_text _builder_version=\u00a0\u00bb4.14.7&Prime; _module_preset=\u00a0\u00bbdefault\u00a0\u00bb header_font=\u00a0\u00bb|600|||||||\u00a0\u00bb header_text_color=\u00a0\u00bb#d6005a\u00a0\u00bb animation_style=\u00a0\u00bbslide\u00a0\u00bb animation_direction=\u00a0\u00bbleft\u00a0\u00bb global_colors_info=\u00a0\u00bb{}\u00a0\u00bb]<\/p>\n<h1>\u00c9v\u00e9nements<\/h1>\n<h3><\/h3>\n<p>&nbsp;<\/p>\n<h3>Prochains \u00e9v\u00e9nements<strong><\/strong><\/h3>\n<p><strong><\/strong><\/p>\n<p><a href=\"https:\/\/inrswiss.ch\/fr\/inscription-a-lassemblee-des-membres\/\"><strong>19<\/strong><\/a><strong><a href=\"https:\/\/inrswiss.ch\/fr\/inscription-a-lassemblee-des-membres\/\">. Mars 2022 &#8211; Assembl\u00e9e G\u00e9n\u00e9rale 2022<\/a><br \/>\u00e0 Olten (H\u00f4tel Astoria, H\u00fcbelistrasse 15, 4603 Olten)<\/strong><strong><\/strong><\/p>\n<p><strong><a href=\"https:\/\/inrswiss.ch\/fr\/evenements\/inscription-inrswiss-day\/\">5 novembre 2022 &#8211; Journ\u00e9e INRswiss 2022<\/a><br \/>\u00e0 l&rsquo;h\u00f4tel Radisson Blu \u00e0 Lucerne<\/strong><\/p>\n<p>[\/et_pb_text][et_pb_video _builder_version=\u00a0\u00bb4.6.5&Prime; _module_preset=\u00a0\u00bbdefault\u00a0\u00bb global_colors_info=\u00a0\u00bb{}\u00a0\u00bb][\/et_pb_video][et_pb_text _builder_version=\u00a0\u00bb4.14.7&Prime; _module_preset=\u00a0\u00bbdefault\u00a0\u00bb header_font=\u00a0\u00bb|600|||||||\u00a0\u00bb header_text_color=\u00a0\u00bb#d6005a\u00a0\u00bb animation_style=\u00a0\u00bbslide\u00a0\u00bb animation_direction=\u00a0\u00bbleft\u00a0\u00bb global_colors_info=\u00a0\u00bb{}\u00a0\u00bb]<\/p>\n<h3>\u00c9v\u00e9nements r\u00e9cents<\/h3>\n<p><strong><\/strong><\/p>\n<p><strong><a href=\"https:\/\/inrswiss.ch\/fr\/evenements\/inscription-inrswiss-day\/\">6 novembre 2021 &#8211; INRswiss Day 2021<\/a><br \/>\u00e0 l&rsquo;h\u00f4tel Schweizerhof \u00e0 Berne<\/strong><\/p>\n<p><a href=\"https:\/\/inrswiss.ch\/fr\/inscription-a-lassemblee-des-membres\/\"><strong>13<\/strong><\/a><strong><a href=\"https:\/\/inrswiss.ch\/fr\/inscription-a-lassemblee-des-membres\/\">. Mars 2021 &#8211; Assembl\u00e9e G\u00e9n\u00e9rale 2021<\/a><a href=\"https:\/\/inrswiss.ch\/wp-content\/uploads\/2021\/02\/Mitgliederversammlung-2021_Brief.pdf\"><br \/>REMARQUE Situation corona&nbsp;: <\/a><br \/>En ligne via zoom<\/strong><\/p>\n<p>&nbsp;<\/p>\n<p>&nbsp;<\/p>\n<p>[\/et_pb_text][\/et_pb_column][et_pb_column type=\u00a0\u00bb1_3&Prime; _builder_version=\u00a0\u00bb4.5.8&Prime; _module_preset=\u00a0\u00bbdefault\u00a0\u00bb global_colors_info=\u00a0\u00bb{}\u00a0\u00bb][et_pb_text _builder_version=\u00a0\u00bb4.6.5&Prime; _module_preset=\u00a0\u00bbdefault\u00a0\u00bb header_font=\u00a0\u00bb|600|||||||\u00a0\u00bb header_text_color=\u00a0\u00bb#d6005a\u00a0\u00bb animation_style=\u00a0\u00bbslide\u00a0\u00bb animation_direction=\u00a0\u00bbright\u00a0\u00bb link_option_url=\u00a0\u00bbhttps:\/\/www.coaguchek.de\/patienten\/service\/newsletter\/\u00a0\u00bb link_option_url_new_window=\u00a0\u00bbon\u00a0\u00bb global_colors_info=\u00a0\u00bb{}\u00a0\u00bb]<\/p>\n<h1>archiver<\/h1>\n<ul>\n<li><a href=\"https:\/\/inrswiss.ch\/fr\/informations\/conferences\/\">Conf\u00e9rences des derni\u00e8res ann\u00e9es<\/a><\/li>\n<li><a href=\"https:\/\/inrswiss.ch\/fr\/informations\/proces-verbaux-et-rapports-annuels\/\">Proc\u00e8s-verbaux et rapports annuels des derni\u00e8res ann\u00e9es<\/a><\/li>\n<\/ul>\n<p>&nbsp;<\/p>\n<p>[\/et_pb_text][\/et_pb_column][\/et_pb_row][\/et_pb_section]<\/p>\n","protected":false},"excerpt":{"rendered":"<p>\u00c9v\u00e9nements &nbsp; Prochains \u00e9v\u00e9nements 19. Mars 2022 &#8211; Assembl\u00e9e G\u00e9n\u00e9rale 2022\u00e0 Olten (H\u00f4tel Astoria, H\u00fcbelistrasse 15, 4603 Olten) 5 novembre 2022 &#8211; Journ\u00e9e INRswiss 2022\u00e0 l&rsquo;h\u00f4tel Radisson Blu \u00e0 Lucerne\u00c9v\u00e9nements r\u00e9cents 6 novembre 2021 &#8211; INRswiss Day 2021\u00e0 l&rsquo;h\u00f4tel Schweizerhof \u00e0 Berne 13. Mars 2021 &#8211; Assembl\u00e9e G\u00e9n\u00e9rale 2021REMARQUE Situation corona&nbsp;: En ligne via zoom [&hellip;]<\/p>\n","protected":false},"author":1,"featured_media":0,"parent":0,"menu_order":0,"comment_status":"closed","ping_status":"closed","template":"","meta":{"_et_pb_use_builder":"on","_et_pb_old_content":"","_et_gb_content_width":"","footnotes":""},"folder":[],"class_list":["post-561","page","type-page","status-publish","hentry"],"jetpack_sharing_enabled":true,"_links":{"self":[{"href":"https:\/\/inrswiss.ch\/fr\/wp-json\/wp\/v2\/pages\/561","targetHints":{"allow":["GET"]}}],"collection":[{"href":"https:\/\/inrswiss.ch\/fr\/wp-json\/wp\/v2\/pages"}],"about":[{"href":"https:\/\/inrswiss.ch\/fr\/wp-json\/wp\/v2\/types\/page"}],"author":[{"embeddable":true,"href":"https:\/\/inrswiss.ch\/fr\/wp-json\/wp\/v2\/users\/1"}],"replies":[{"embeddable":true,"href":"https:\/\/inrswiss.ch\/fr\/wp-json\/wp\/v2\/comments?post=561"}],"version-history":[{"count":5,"href":"https:\/\/inrswiss.ch\/fr\/wp-json\/wp\/v2\/pages\/561\/revisions"}],"predecessor-version":[{"id":746,"href":"https:\/\/inrswiss.ch\/fr\/wp-json\/wp\/v2\/pages\/561\/revisions\/746"}],"wp:attachment":[{"href":"https:\/\/inrswiss.ch\/fr\/wp-json\/wp\/v2\/media?parent=561"}],"wp:term":[{"taxonomy":"folder","embeddable":true,"href":"https:\/\/inrswiss.ch\/fr\/wp-json\/wp\/v2\/folder?post=561"}],"curies":[{"name":"wp","href":"https:\/\/api.w.org\/{rel}","templated":true}]}}